{"id":695,"date":"2025-05-20T14:39:59","date_gmt":"2025-05-20T14:39:59","guid":{"rendered":"https:\/\/berberatlaswalks.com\/?page_id=695"},"modified":"2025-07-12T20:53:16","modified_gmt":"2025-07-12T20:53:16","slug":"about-us","status":"publish","type":"page","link":"https:\/\/berberatlaswalks.com\/de\/about-us\/","title":{"rendered":"\u00dcber uns"},"content":{"rendered":"<div data-elementor-type=\"wp-page\" data-elementor-id=\"695\" class=\"elementor elementor-695\" data-elementor-post-type=\"page\">\n\t\t\t\t<div class=\"elementor-element elementor-element-45c513e e-flex e-con-boxed e-con e-parent\" data-id=\"45c513e\" data-element_type=\"container\" data-e-type=\"container\" data-settings=\"{&quot;background_background&quot;:&quot;classic&quot;}\">\n\t\t\t\t\t<div class=\"e-con-inner\">\n\t\t\t\t<div class=\"elementor-element elementor-element-2850aea elementor-widget elementor-widget-html\" data-id=\"2850aea\" data-element_type=\"widget\" data-e-type=\"widget\" data-widget_type=\"html.default\">\n\t\t\t\t<div class=\"elementor-widget-container\">\n\t\t\t\t\t<div class=\"batw-container\">\r\n  <div class=\"batw-header\">\r\n    <span class=\"batw-subtitle\"><i class=\"fas fa-star\"><\/i> Unser berberisches Erbe<\/span>\r\n    <h2>Treffen Sie das Team hinter Ihrem Abenteuer<\/h2>\r\n    <p>Wir sind im Atlasgebirge geboren und aufgewachsen und m\u00f6chten unsere Kultur und Landschaften mit respektvollen Reisenden teilen.<\/p>\r\n  <\/div>\r\n  \r\n  <div class=\"batw-grid\">\r\n    <div class=\"batw-image-group\">\r\n      <div class=\"batw-main-image-wrapper\">\r\n        <img decoding=\"async\" src=\"https:\/\/berberatlaswalks.com\/wp-content\/uploads\/2025\/05\/2-3-1.png\" alt=\"Our Guide Team in Imlil\" class=\"batw-main-image\">\r\n      <\/div>\r\n      <div class=\"batw-circle-image-wrapper batw-circle-left\">\r\n        <img decoding=\"async\" src=\"https:\/\/berberatlaswalks.com\/wp-content\/uploads\/2025\/06\/26-1.png\" alt=\"Family Homestay\" class=\"batw-circle-image\">\r\n      <\/div>\r\n      <div class=\"batw-circle-image-wrapper batw-circle-right\">\r\n        <img decoding=\"async\" src=\"https:\/\/berberatlaswalks.com\/wp-content\/uploads\/2025\/05\/59.png\" alt=\"Traditional Tea Ceremony\" class=\"batw-circle-image\">\r\n      <\/div>\r\n    <\/div>\r\n    \r\n    <div class=\"batw-content\">\r\n      <div class=\"batw-about-text\">\r\n        <p>Berber Atlas Walks wurde 2010 von einheimischen Bergf\u00fchrern gegr\u00fcndet und verbindet Reisende mit authentischen Erlebnissen im Atlasgebirge und unterst\u00fctzt gleichzeitig unsere Gemeinschaft. Wir sind nicht nur Reiseveranstalter - wir sind Ihre Gastgeber, Geschichtenerz\u00e4hler und Br\u00fccke zur Berberkultur.<\/p>\r\n        \r\n        <div class=\"batw-feature-box\">\r\n          <div class=\"batw-feature-icon\"><i class=\"fas fa-hands-helping\"><\/i><\/div>\r\n          <div>\r\n            <h3>Gemeinschaft zuerst<\/h3>\r\n            <p>Mit 50% der Gewinne werden Dorfschulen und Frauenkooperativen finanziert.<\/p>\r\n          <\/div>\r\n        <\/div>\r\n        \r\n        <div class=\"batw-feature-box\">\r\n          <div class=\"batw-feature-icon\"><i class=\"fas fa-map-marked-alt\"><\/i><\/div>\r\n          <div>\r\n            <h3>Fundierte Ortskenntnisse<\/h3>\r\n            <p>Unsere F\u00fchrer sind in diesen Bergen aufgewachsen und kennen jeden versteckten Pfad.<\/p>\r\n          <\/div>\r\n        <\/div>\r\n        \r\n        <div class=\"batw-feature-box\">\r\n          <div class=\"batw-feature-icon\"><i class=\"fas fa-leaf\"><\/i><\/div>\r\n          <div>\r\n            <h3>Nachhaltiges Reisen<\/h3>\r\n            <p>Wir minimieren die Umweltbelastung und maximieren den kulturellen Austausch.<\/p>\r\n          <\/div>\r\n        <\/div>\r\n      <\/div>\r\n      \r\n      <div class=\"batw-button-group\">\r\n        <a href=\"#\" class=\"batw-primary-btn\">Unsere Geschichte <i class=\"fas fa-chevron-right\"><\/i><\/a>\r\n        <a href=\"#\" class=\"batw-secondary-btn\">Treffen Sie das Team <i class=\"fas fa-users\"><\/i><\/a>\r\n      <\/div>\r\n    <\/div>\r\n  <\/div>\r\n<\/div>\r\n\r\n<style>\r\n\/* Reset any potential conflicting styles *\/\r\n.batw-container img {\r\n  max-width: 100%;\r\n  height: auto;\r\n  display: block;\r\n}\r\n\r\n\/* Main container *\/\r\n.batw-container {\r\n  max-width: 1200px;\r\n  margin: 0 auto;\r\n  padding: 50px 20px;\r\n  font-family: 'Segoe UI', Roboto, 'Helvetica Neue', sans-serif;\r\n  box-sizing: border-box;\r\n}\r\n\r\n\/* Header styles *\/\r\n.batw-header {\r\n  text-align: center;\r\n  margin-bottom: 50px;\r\n  max-width: 800px;\r\n  margin-left: auto;\r\n  margin-right: auto;\r\n}\r\n\r\n.batw-subtitle {\r\n  display: block;\r\n  color: #5D8B6F;\r\n  font-weight: 600;\r\n  margin-bottom: 12px;\r\n  letter-spacing: 1px;\r\n}\r\n\r\n.batw-subtitle i {\r\n  margin-right: 8px;\r\n}\r\n\r\n.batw-header h2 {\r\n  color: #2A2A2A;\r\n  margin-bottom: 15px;\r\n  font-size: 32px;\r\n  line-height: 1.3;\r\n}\r\n\r\n.batw-header p {\r\n  color: #555;\r\n  font-size: 18px;\r\n  line-height: 1.6;\r\n}\r\n\r\n\/* Grid layout *\/\r\n.batw-grid {\r\n  display: flex;\r\n  flex-wrap: wrap;\r\n  gap: 50px;\r\n  align-items: center;\r\n  justify-content: center;\r\n}\r\n\r\n\/* Image group with absolute positioning *\/\r\n.batw-image-group {\r\n  flex: 1;\r\n  min-width: 300px;\r\n  position: relative;\r\n  max-width: 600px;\r\n  min-height: 400px;\r\n}\r\n\r\n\/* Main image wrapper *\/\r\n.batw-main-image-wrapper {\r\n  width: 100%;\r\n  height: 100%;\r\n  border-radius: 12px;\r\n  overflow: hidden;\r\n  box-shadow: 0 10px 30px rgba(0,0,0,0.1);\r\n  position: relative;\r\n}\r\n\r\n.batw-main-image {\r\n  width: 100%;\r\n  height: 100%;\r\n  object-fit: cover;\r\n  object-position: center 30%;\r\n  border: 6px solid white;\r\n  box-sizing: border-box;\r\n}\r\n\r\n\/* Circular image solution *\/\r\n.batw-circle-image-wrapper {\r\n  position: absolute;\r\n  width: 150px;\r\n  height: 150px;\r\n  border-radius: 50%;\r\n  overflow: hidden;\r\n  z-index: 2;\r\n  box-shadow: 0 8px 25px rgba(0,0,0,0.15);\r\n}\r\n\r\n.batw-circle-image {\r\n  width: 100%;\r\n  height: 100%;\r\n  object-fit: cover;\r\n}\r\n\r\n.batw-circle-left {\r\n  bottom: -30px;\r\n  left: -30px;\r\n  border: 4px solid #D4A55D;\r\n  box-sizing: border-box;\r\n}\r\n\r\n.batw-circle-right {\r\n  top: -30px;\r\n  right: -30px;\r\n  border: 4px solid #5D8B6F;\r\n  box-sizing: border-box;\r\n}\r\n\r\n\/* Content area *\/\r\n.batw-content {\r\n  flex: 1;\r\n  min-width: 300px;\r\n  max-width: 500px;\r\n}\r\n\r\n\/* About text *\/\r\n.batw-about-text p {\r\n  color: #555;\r\n  line-height: 1.8;\r\n  margin-bottom: 30px;\r\n  font-size: 17px;\r\n}\r\n\r\n\/* Feature boxes *\/\r\n.batw-feature-box {\r\n  display: flex;\r\n  gap: 20px;\r\n  margin-bottom: 25px;\r\n  align-items: flex-start;\r\n}\r\n\r\n.batw-feature-icon {\r\n  background: #F5F5F5;\r\n  width: 50px;\r\n  height: 50px;\r\n  border-radius: 50%;\r\n  display: flex;\r\n  align-items: center;\r\n  justify-content: center;\r\n  color: #D4A55D;\r\n  font-size: 20px;\r\n  flex-shrink: 0;\r\n}\r\n\r\n.batw-feature-box h3 {\r\n  color: #2A2A2A;\r\n  margin-bottom: 8px;\r\n  font-size: 20px;\r\n  line-height: 1.4;\r\n}\r\n\r\n.batw-feature-box p {\r\n  color: #555;\r\n  line-height: 1.6;\r\n}\r\n\r\n\/* Buttons *\/\r\n.batw-button-group {\r\n  display: flex;\r\n  gap: 15px;\r\n  margin-top: 30px;\r\n  flex-wrap: wrap;\r\n}\r\n\r\n.batw-primary-btn, .batw-secondary-btn {\r\n  padding: 14px 28px;\r\n  border-radius: 30px;\r\n  text-decoration: none;\r\n  font-weight: 600;\r\n  display: inline-flex;\r\n  align-items: center;\r\n  gap: 8px;\r\n  transition: all 0.3s ease;\r\n  font-size: 16px;\r\n  box-sizing: border-box;\r\n  flex: 1;\r\n  min-width: 150px;\r\n  text-align: center;\r\n  justify-content: center;\r\n}\r\n\r\n.batw-primary-btn {\r\n  background-color: #D4A55D;\r\n  color: white;\r\n  border: 2px solid #D4A55D;\r\n}\r\n\r\n.batw-primary-btn:hover {\r\n  background-color: #B38D4A;\r\n  transform: translateY(-2px);\r\n  box-shadow: 0 4px 8px rgba(0,0,0,0.1);\r\n}\r\n\r\n.batw-secondary-btn {\r\n  border: 2px solid #5D8B6F;\r\n  color: #5D8B6F;\r\n  background: white;\r\n}\r\n\r\n.batw-secondary-btn:hover {\r\n  background-color: #F5F5F5;\r\n  transform: translateY(-2px);\r\n  box-shadow: 0 4px 8px rgba(0,0,0,0.1);\r\n}\r\n\r\n\/* Font Awesome for icons *\/\r\n@import url(\"https:\/\/cdnjs.cloudflare.com\/ajax\/libs\/font-awesome\/6.0.0\/css\/all.min.css\");\r\n\r\n\/* Responsive adjustments *\/\r\n@media (max-width: 1024px) {\r\n  .batw-image-group {\r\n    min-height: 350px;\r\n  }\r\n  \r\n  .batw-main-image {\r\n    object-position: center 25%;\r\n  }\r\n}\r\n\r\n@media (max-width: 768px) {\r\n  .batw-container {\r\n    padding: 40px 15px;\r\n  }\r\n  \r\n  .batw-circle-image-wrapper {\r\n    width: 120px;\r\n    height: 120px;\r\n  }\r\n  \r\n  .batw-circle-left {\r\n    bottom: -20px;\r\n    left: -15px;\r\n  }\r\n  \r\n  .batw-circle-right {\r\n    top: -20px;\r\n    right: -15px;\r\n  }\r\n  \r\n  .batw-header h2 {\r\n    font-size: 28px;\r\n  }\r\n  \r\n  .batw-header p {\r\n    font-size: 16px;\r\n  }\r\n  \r\n  .batw-button-group {\r\n    flex-direction: row;\r\n    gap: 10px;\r\n  }\r\n  \r\n  .batw-primary-btn, .batw-secondary-btn {\r\n    padding: 12px 20px;\r\n    font-size: 15px;\r\n    flex: 1 1 calc(50% - 5px);\r\n  }\r\n}\r\n\r\n@media (max-width: 480px) {\r\n  .batw-circle-image-wrapper {\r\n    width: 90px;\r\n    height: 90px;\r\n  }\r\n  \r\n  .batw-feature-icon {\r\n    width: 40px;\r\n    height: 40px;\r\n    font-size: 18px;\r\n  }\r\n  \r\n  .batw-button-group {\r\n    gap: 8px;\r\n  }\r\n  \r\n  .batw-primary-btn, .batw-secondary-btn {\r\n    padding: 10px 15px;\r\n    font-size: 14px;\r\n  }\r\n  \r\n  .batw-main-image {\r\n    object-position: center 20%;\r\n  }\r\n  \r\n  .batw-about-text p {\r\n    font-size: 16px;\r\n  }\r\n}\r\n<\/style>\t\t\t\t<\/div>\n\t\t\t\t<\/div>\n\t\t\t\t\t<\/div>\n\t\t\t\t<\/div>\n\t\t<div class=\"elementor-element elementor-element-621beed e-flex e-con-boxed e-con e-parent\" data-id=\"621beed\" data-element_type=\"container\" data-e-type=\"container\" data-settings=\"{&quot;background_background&quot;:&quot;classic&quot;}\">\n\t\t\t\t\t<div class=\"e-con-inner\">\n\t\t<div class=\"elementor-element elementor-element-8f9a8f1 e-con-full e-flex e-con e-child\" data-id=\"8f9a8f1\" data-element_type=\"container\" data-e-type=\"container\" data-settings=\"{&quot;background_background&quot;:&quot;classic&quot;}\">\n\t\t\t\t<div class=\"elementor-element elementor-element-b00c94b elementor-widget elementor-widget-heading\" data-id=\"b00c94b\" data-element_type=\"widget\" data-e-type=\"widget\" data-widget_type=\"heading.default\">\n\t\t\t\t<div class=\"elementor-widget-container\">\n\t\t\t\t\t<h2 class=\"elementor-heading-title elementor-size-default\">Berber Atlas Wanderungen<\/h2>\t\t\t\t<\/div>\n\t\t\t\t<\/div>\n\t\t\t\t<div class=\"elementor-element elementor-element-0f54726 elementor-widget elementor-widget-text-editor\" data-id=\"0f54726\" data-element_type=\"widget\" data-e-type=\"widget\" data-widget_type=\"text-editor.default\">\n\t\t\t\t<div class=\"elementor-widget-container\">\n\t\t\t\t\t\t\t\t\t<p style=\"text-align: center;\"><span style=\"color: #ffffff;\">Begeben Sie sich mit unseren Berber-Atlas-Wanderungen auf eine fesselnde Reise durch das Hohe Atlasgebirge.<\/span><\/p>\t\t\t\t\t\t\t\t<\/div>\n\t\t\t\t<\/div>\n\t\t\t\t<div class=\"elementor-element elementor-element-5a279fc elementor-shape-circle elementor-grid-0 e-grid-align-center elementor-widget elementor-widget-social-icons\" data-id=\"5a279fc\" data-element_type=\"widget\" data-e-type=\"widget\" data-widget_type=\"social-icons.default\">\n\t\t\t\t<div class=\"elementor-widget-container\">\n\t\t\t\t\t\t\t<div class=\"elementor-social-icons-wrapper elementor-grid\" role=\"list\">\n\t\t\t\t\t\t\t<span class=\"elementor-grid-item\" role=\"listitem\">\n\t\t\t\t\t<a class=\"elementor-icon elementor-social-icon elementor-social-icon-facebook elementor-repeater-item-207e80c\" target=\"_blank\">\n\t\t\t\t\t\t<span class=\"elementor-screen-only\">Facebook<\/span>\n\t\t\t\t\t\t<i aria-hidden=\"true\" class=\"fab fa-facebook\"><\/i>\t\t\t\t\t<\/a>\n\t\t\t\t<\/span>\n\t\t\t\t\t\t\t<span class=\"elementor-grid-item\" role=\"listitem\">\n\t\t\t\t\t<a class=\"elementor-icon elementor-social-icon elementor-social-icon-instagram elementor-repeater-item-c920964\" target=\"_blank\">\n\t\t\t\t\t\t<span class=\"elementor-screen-only\">Instagram<\/span>\n\t\t\t\t\t\t<i aria-hidden=\"true\" class=\"fab fa-instagram\"><\/i>\t\t\t\t\t<\/a>\n\t\t\t\t<\/span>\n\t\t\t\t\t<\/div>\n\t\t\t\t\t\t<\/div>\n\t\t\t\t<\/div>\n\t\t\t\t<\/div>\n\t\t\t\t\t<\/div>\n\t\t\t\t<\/div>\n\t\t<div class=\"elementor-element elementor-element-390d9e7 e-flex e-con-boxed e-con e-parent\" data-id=\"390d9e7\" data-element_type=\"container\" data-e-type=\"container\" data-settings=\"{&quot;background_background&quot;:&quot;classic&quot;}\">\n\t\t\t\t\t<div class=\"e-con-inner\">\n\t\t\t\t<div class=\"elementor-element elementor-element-5f62fb1 elementor-widget elementor-widget-html\" data-id=\"5f62fb1\" data-element_type=\"widget\" data-e-type=\"widget\" data-widget_type=\"html.default\">\n\t\t\t\t<div class=\"elementor-widget-container\">\n\t\t\t\t\t<section style=\"padding: 60px 0; background-color: #f8f5f2; text-align: center; font-family: 'Cormorant Garamond', serif; width: 100%; box-sizing: border-box;\">\r\n  <div style=\"max-width: 1200px; margin: 0 auto; padding: 0 20px; width: 100%; box-sizing: border-box;\">\r\n    <h5 style=\"color: #8c6e56; letter-spacing: 2px; text-transform: uppercase; font-size: 14px; margin-bottom: 15px; font-weight: 500; font-style: italic; margin-left: auto; margin-right: auto;\">Marokkanische Sch\u00e4tze<\/h5>\r\n    <h2 style=\"font-size: 32px; font-weight: 600; margin-bottom: 40px; color: #3a2e26; position: relative; margin-left: auto; margin-right: auto; width: fit-content;\">\r\n      Zeitlose marokkanische Erlebnisse\r\n      <span style=\"content: ''; display: block; width: 80px; height: 2px; background: #8c6e56; margin: 20px auto 0;\"><\/span>\r\n    <\/h2>\r\n    \r\n    <div style=\"display: flex; flex-wrap: wrap; justify-content: center; gap: 20px; width: 100%; margin: 0 auto; perspective: 1000px;\">\r\n      <!-- Imperial Cities -->\r\n      <div style=\"width: calc(50% - 20px); max-width: 180px; margin: 0; position: relative; transform-style: preserve-3d; min-height: 180px;\">\r\n        <div class=\"flip-card\" style=\"position: relative; width: 100%; height: 100%; transition: transform 0.6s; transform-style: preserve-3d;\">\r\n          <div class=\"flip-card-front\" style=\"position: absolute; width: 100%; height: 100%; backface-visibility: hidden; transition: all 0.4s ease;\">\r\n            <div style=\"background-color: #ffffff; border-radius: 8px; padding: 25px 15px; box-shadow: 0 3px 10px rgba(0,0,0,0.08); margin-bottom: 15px; border: 1px solid #e8e0d9; margin-left: auto; margin-right: auto;\">\r\n              <img decoding=\"async\" src=\"https:\/\/img.icons8.com\/ios\/50\/8c6e56\/castle.png\" alt=\"Imperial Cities\" style=\"width: 38px; height: 38px; display: block; margin-left: auto; margin-right: auto; transition: transform 0.3s ease;\"\/>\r\n            <\/div>\r\n            <h3 style=\"font-size: 16px; font-weight: 500; color: #3a2e26; margin: 0; letter-spacing: 0.5px; text-align: center;\">Reichsst\u00e4dte<\/h3>\r\n          <\/div>\r\n          <div class=\"flip-card-back\" style=\"position: absolute; width: 100%; height: 100%; backface-visibility: hidden; transform: rotateY(180deg); background: white; border-radius: 8px; padding: 20px; box-sizing: border-box; display: flex; flex-direction: column; justify-content: center; align-items: center; border: 1px solid #e8e0d9; box-shadow: 0 3px 10px rgba(0,0,0,0.08);\">\r\n            <p style=\"font-size: 14px; color: #8c6e56; margin: 0;\">Erkunden Sie die historischen K\u00f6nigsst\u00e4dte Marokkos mit ihrer atemberaubenden Architektur.<\/p>\r\n          <\/div>\r\n        <\/div>\r\n      <\/div>\r\n      \r\n      <!-- Hammam & Spa -->\r\n      <div style=\"width: calc(50% - 20px); max-width: 180px; margin: 0; position: relative; transform-style: preserve-3d; min-height: 180px;\">\r\n        <div class=\"flip-card\" style=\"position: relative; width: 100%; height: 100%; transition: transform 0.6s; transform-style: preserve-3d;\">\r\n          <div class=\"flip-card-front\" style=\"position: absolute; width: 100%; height: 100%; backface-visibility: hidden; transition: all 0.4s ease;\">\r\n            <div style=\"background-color: #ffffff; border-radius: 8px; padding: 25px 15px; box-shadow: 0 3px 10px rgba(0,0,0,0.08); margin-bottom: 15px; border: 1px solid #e8e0d9; margin-left: auto; margin-right: auto;\">\r\n              <img decoding=\"async\" src=\"https:\/\/img.icons8.com\/ios\/50\/8c6e56\/spa.png\" alt=\"Hammam & Spa\" style=\"width: 38px; height: 38px; display: block; margin-left: auto; margin-right: auto; transition: transform 0.3s ease;\"\/>\r\n            <\/div>\r\n            <h3 style=\"font-size: 16px; font-weight: 500; color: #3a2e26; margin: 0; letter-spacing: 0.5px; text-align: center;\">Hammam &amp; Spa<\/h3>\r\n          <\/div>\r\n          <div class=\"flip-card-back\" style=\"position: absolute; width: 100%; height: 100%; backface-visibility: hidden; transform: rotateY(180deg); background: white; border-radius: 8px; padding: 20px; box-sizing: border-box; display: flex; flex-direction: column; justify-content: center; align-items: center; border: 1px solid #e8e0d9; box-shadow: 0 3px 10px rgba(0,0,0,0.08);\">\r\n            <p style=\"font-size: 14px; color: #8c6e56; margin: 0;\">Erleben Sie traditionelle marokkanische Entspannung in authentischen Hammam-B\u00e4dern.<\/p>\r\n          <\/div>\r\n        <\/div>\r\n      <\/div>\r\n      \r\n      <!-- Coastal Tours -->\r\n      <div style=\"width: calc(50% - 20px); max-width: 180px; margin: 0; position: relative; transform-style: preserve-3d; min-height: 180px;\">\r\n        <div class=\"flip-card\" style=\"position: relative; width: 100%; height: 100%; transition: transform 0.6s; transform-style: preserve-3d;\">\r\n          <div class=\"flip-card-front\" style=\"position: absolute; width: 100%; height: 100%; backface-visibility: hidden; transition: all 0.4s ease;\">\r\n            <div style=\"background-color: #ffffff; border-radius: 8px; padding: 25px 15px; box-shadow: 0 3px 10px rgba(0,0,0,0.08); margin-bottom: 15px; border: 1px solid #e8e0d9; margin-left: auto; margin-right: auto;\">\r\n              <img decoding=\"async\" src=\"https:\/\/img.icons8.com\/ios\/50\/8c6e62\/surfing.png\" alt=\"Coastal Tours\" style=\"width: 38px; height: 38px; display: block; margin-left: auto; margin-right: auto; transition: transform 0.3s ease;\"\/>\r\n            <\/div>\r\n            <h3 style=\"font-size: 16px; font-weight: 500; color: #3a2e26; margin: 0; letter-spacing: 0.5px; text-align: center;\">Touren an der K\u00fcste<\/h3>\r\n          <\/div>\r\n          <div class=\"flip-card-back\" style=\"position: absolute; width: 100%; height: 100%; backface-visibility: hidden; transform: rotateY(180deg); background: white; border-radius: 8px; padding: 20px; box-sizing: border-box; display: flex; flex-direction: column; justify-content: center; align-items: center; border: 1px solid #e8e0d9; box-shadow: 0 3px 10px rgba(0,0,0,0.08);\">\r\n            <p style=\"font-size: 14px; color: #8c6e56; margin: 0;\">Entdecken Sie die wundersch\u00f6ne Atlantik- und Mittelmeerk\u00fcste Marokkos.<\/p>\r\n          <\/div>\r\n        <\/div>\r\n      <\/div>\r\n      \r\n      <!-- Atlas Mountains -->\r\n      <div style=\"width: calc(50% - 20px); max-width: 180px; margin: 0; position: relative; transform-style: preserve-3d; min-height: 180px;\">\r\n        <div class=\"flip-card\" style=\"position: relative; width: 100%; height: 100%; transition: transform 0.6s; transform-style: preserve-3d;\">\r\n          <div class=\"flip-card-front\" style=\"position: absolute; width: 100%; height: 100%; backface-visibility: hidden; transition: all 0.4s ease;\">\r\n            <div style=\"background-color: #ffffff; border-radius: 8px; padding: 25px 15px; box-shadow: 0 3px 10px rgba(0,0,0,0.08); margin-bottom: 15px; border: 1px solid #e8e0d9; margin-left: auto; margin-right: auto;\">\r\n              <img decoding=\"async\" src=\"https:\/\/img.icons8.com\/ios\/50\/8c6e56\/mountain.png\" alt=\"Atlas Mountains\" style=\"width: 38px; height: 38px; display: block; margin-left: auto; margin-right: auto; transition: transform 0.3s ease;\"\/>\r\n            <\/div>\r\n            <h3 style=\"font-size: 16px; font-weight: 500; color: #3a2e26; margin: 0; letter-spacing: 0.5px; text-align: center;\">Atlasgebirge<\/h3>\r\n          <\/div>\r\n          <div class=\"flip-card-back\" style=\"position: absolute; width: 100%; height: 100%; backface-visibility: hidden; transform: rotateY(180deg); background: white; border-radius: 8px; padding: 20px; box-sizing: border-box; display: flex; flex-direction: column; justify-content: center; align-items: center; border: 1px solid #e8e0d9; box-shadow: 0 3px 10px rgba(0,0,0,0.08);\">\r\n            <p style=\"font-size: 14px; color: #8c6e56; margin: 0;\">Wandern Sie durch die atemberaubende Landschaft des Atlasgebirges.<\/p>\r\n          <\/div>\r\n        <\/div>\r\n      <\/div>\r\n    <\/div>\r\n  <\/div>\r\n\r\n  <style>\r\n    @media (hover: hover) {\r\n      .flip-card:hover {\r\n        transform: rotateY(180deg);\r\n      }\r\n    }\r\n    \r\n    @media (max-width: 480px) {\r\n      .flip-card-front, .flip-card-back {\r\n        min-height: 180px;\r\n      }\r\n    }\r\n  <\/style>\r\n<\/section>\t\t\t\t<\/div>\n\t\t\t\t<\/div>\n\t\t\t\t\t<\/div>\n\t\t\t\t<\/div>\n\t\t\t\t<\/div>","protected":false},"excerpt":{"rendered":"<p>Our Berber Heritage Meet The Team Behind Your Adventure Born and &#8230; <\/p>","protected":false},"author":1,"featured_media":0,"parent":0,"menu_order":0,"comment_status":"closed","ping_status":"closed","template":"elementor_header_footer","meta":{"_glsr_average":0,"_glsr_ranking":0,"_glsr_reviews":0,"footnotes":""},"class_list":["post-695","page","type-page","status-publish","hentry"],"_links":{"self":[{"href":"https:\/\/berberatlaswalks.com\/de\/wp-json\/wp\/v2\/pages\/695","targetHints":{"allow":["GET"]}}],"collection":[{"href":"https:\/\/berberatlaswalks.com\/de\/wp-json\/wp\/v2\/pages"}],"about":[{"href":"https:\/\/berberatlaswalks.com\/de\/wp-json\/wp\/v2\/types\/page"}],"author":[{"embeddable":true,"href":"https:\/\/berberatlaswalks.com\/de\/wp-json\/wp\/v2\/users\/1"}],"replies":[{"embeddable":true,"href":"https:\/\/berberatlaswalks.com\/de\/wp-json\/wp\/v2\/comments?post=695"}],"version-history":[{"count":28,"href":"https:\/\/berberatlaswalks.com\/de\/wp-json\/wp\/v2\/pages\/695\/revisions"}],"predecessor-version":[{"id":2158,"href":"https:\/\/berberatlaswalks.com\/de\/wp-json\/wp\/v2\/pages\/695\/revisions\/2158"}],"wp:attachment":[{"href":"https:\/\/berberatlaswalks.com\/de\/wp-json\/wp\/v2\/media?parent=695"}],"curies":[{"name":"wp","href":"https:\/\/api.w.org\/{rel}","templated":true}]}}