{"id":593,"date":"2025-05-20T13:39:04","date_gmt":"2025-05-20T13:39:04","guid":{"rendered":"https:\/\/berberatlaswalks.com\/?page_id=593"},"modified":"2025-07-12T21:08:12","modified_gmt":"2025-07-12T21:08:12","slug":"tours","status":"publish","type":"page","link":"https:\/\/berberatlaswalks.com\/pt\/tours\/","title":{"rendered":"Excurs\u00f5es"},"content":{"rendered":"<div data-elementor-type=\"wp-page\" data-elementor-id=\"593\" class=\"elementor elementor-593\" data-elementor-post-type=\"page\">\n\t\t\t\t<div class=\"elementor-element elementor-element-add914b e-flex e-con-boxed e-con e-parent\" data-id=\"add914b\" data-element_type=\"container\" data-e-type=\"container\" data-settings=\"{&quot;background_background&quot;:&quot;classic&quot;}\">\n\t\t\t\t\t<div class=\"e-con-inner\">\n\t\t\t\t<div class=\"elementor-element elementor-element-efd1eff elementor-widget elementor-widget-heading\" data-id=\"efd1eff\" data-element_type=\"widget\" data-e-type=\"widget\" data-widget_type=\"heading.default\">\n\t\t\t\t<div class=\"elementor-widget-container\">\n\t\t\t\t\t<h2 class=\"elementor-heading-title elementor-size-default\">Pacotes tur\u00edsticos de luxo para Marrocos\n<\/h2>\t\t\t\t<\/div>\n\t\t\t\t<\/div>\n\t\t\t\t<div class=\"elementor-element elementor-element-ad0215d elementor-widget-divider--view-line elementor-widget elementor-widget-divider\" data-id=\"ad0215d\" data-element_type=\"widget\" data-e-type=\"widget\" data-widget_type=\"divider.default\">\n\t\t\t\t<div class=\"elementor-widget-container\">\n\t\t\t\t\t\t\t<div class=\"elementor-divider\">\n\t\t\t<span class=\"elementor-divider-separator\">\n\t\t\t\t\t\t<\/span>\n\t\t<\/div>\n\t\t\t\t\t\t<\/div>\n\t\t\t\t<\/div>\n\t\t\t\t<div class=\"elementor-element elementor-element-d4fa732 elementor-widget elementor-widget-text-editor\" data-id=\"d4fa732\" data-element_type=\"widget\" data-e-type=\"widget\" data-widget_type=\"text-editor.default\">\n\t\t\t\t<div class=\"elementor-widget-container\">\n\t\t\t\t\t\t\t\t\t<p style=\"text-align: center;\">Descubra a beleza de Imlil com a Berber Atlas Walks. Situados no cora\u00e7\u00e3o das montanhas do Alto Atlas, os nossos passeios exclusivos oferecem experi\u00eancias culturais aut\u00eanticas, caminhadas panor\u00e2micas e uma calorosa hospitalidade berbere. Explore Imlil como nunca antes - onde a aventura encontra a tradi\u00e7\u00e3o.<\/p>\t\t\t\t\t\t\t\t<\/div>\n\t\t\t\t<\/div>\n\t\t\t\t\t<\/div>\n\t\t\t\t<\/div>\n\t\t<div class=\"elementor-element elementor-element-a885d36 e-con-full e-flex e-con e-parent\" data-id=\"a885d36\" data-element_type=\"container\" data-e-type=\"container\" data-settings=\"{&quot;background_background&quot;:&quot;classic&quot;}\">\n\t\t\t\t<div class=\"elementor-element elementor-element-d39fbb6 elementor-widget elementor-widget-html\" data-id=\"d39fbb6\" data-element_type=\"widget\" data-e-type=\"widget\" data-widget_type=\"html.default\">\n\t\t\t\t<div class=\"elementor-widget-container\">\n\t\t\t\t\t<!DOCTYPE html>\r\n<html lang=\"en\">\r\n<head>\r\n  <meta charset=\"UTF-8\">\r\n  <meta name=\"viewport\" content=\"width=device-width, initial-scale=1.0\">\r\n  <title>Luxury Morocco Tour Packages<\/title>\r\n  <link href=\"https:\/\/fonts.googleapis.com\/css2?family=Inter:wght@300;400;500;600;700&display=swap\" rel=\"stylesheet\">\r\n  <link rel=\"stylesheet\" href=\"https:\/\/cdnjs.cloudflare.com\/ajax\/libs\/font-awesome\/6.4.0\/css\/all.min.css\">\r\n  <style>\r\n    :root {\r\n      --primary-green: #5d8b6f; \/* Changed to the requested green *\/\r\n      --primary-red: #dc2626; \/* Added red color *\/\r\n      --primary-orange: #f59e0b;\r\n      --primary-purple: #7c3aed;\r\n      --dark-text: #1f2937;\r\n      --light-text: #6b7280;\r\n    }\r\n    * {\r\n      margin: 0;\r\n      padding: 0;\r\n      font-family: 'Inter', sans-serif;\r\n    }\r\n    body {\r\n      background-color: #f9fafb;\r\n      display: flex;\r\n      justify-content: center;\r\n      min-height: 100vh;\r\n    }\r\n    .card-container {\r\n      display: grid;\r\n      grid-template-columns: repeat(auto-fit, minmax(300px, 1fr));\r\n      gap: 2rem;\r\n      width: 100%;\r\n      max-width: 1300px;\r\n      margin: 0 auto;\r\n    }\r\n    @media (min-width: 1024px) {\r\n      .card-container {\r\n        grid-template-columns: repeat(3, 1fr);\r\n        width: calc(100% - 4rem);\r\n      }\r\n    }\r\n    @media (min-width: 768px) and (max-width: 1023px) {\r\n      .card-container {\r\n        grid-template-columns: repeat(2, 1fr);\r\n      }\r\n    }\r\n    @media (max-width: 767px) {\r\n      .card-container {\r\n        grid-template-columns: 1fr;\r\n      }\r\n    }\r\n    .card {\r\n      background: white;\r\n      border-radius: 1rem;\r\n      overflow: hidden;\r\n      box-shadow: 0 4px 20px rgba(0, 0, 0, 0.05);\r\n      transition: all 0.3s cubic-bezier(0.25, 0.8, 0.25, 1);\r\n      display: flex;\r\n      flex-direction: column;\r\n    }\r\n    \/* More specific selectors for WordPress compatibility *\/\r\n    .card-container .card.card-color1,\r\n    .card-container .card.card-color1 .card-content {\r\n      background: #f0f9ff !important; \/* Light blue *\/\r\n    }\r\n    .card-container .card.card-color2,\r\n    .card-container .card.card-color2 .card-content {\r\n      background: #f0fdf4 !important; \/* Light green *\/\r\n    }\r\n    .card-container .card.card-color3,\r\n    .card-container .card.card-color3 .card-content {\r\n      background: #fff7ed !important; \/* Light orange *\/\r\n    }\r\n    \r\n    .card:hover {\r\n      transform: translateY(-5px);\r\n      box-shadow: 0 10px 25px rgba(0, 0, 0, 0.1);\r\n    }\r\n    .card-header {\r\n      height: 300px;\r\n      position: relative;\r\n      background-size: cover;\r\n      background-position: center;\r\n      display: flex;\r\n      align-items: center;\r\n      justify-content: center;\r\n      color: white;\r\n    }\r\n    .badge {\r\n      position: absolute;\r\n      top: 1rem;\r\n      left: 1rem;\r\n      background: rgba(255,255,255,0.2);\r\n      backdrop-filter: blur(5px);\r\n      padding: 0.35rem 1rem;\r\n      border-radius: 100px;\r\n      font-size: 0.75rem;\r\n      font-weight: 600;\r\n      text-transform: uppercase;\r\n      letter-spacing: 0.5px;\r\n    }\r\n    .duration {\r\n      position: absolute;\r\n      bottom: -1rem;\r\n      right: 1rem;\r\n      background: var(--primary-red); \/* Changed to red variable *\/\r\n      color: white;\r\n      padding: 0.5rem 1rem;\r\n      border-radius: 0.5rem;\r\n      box-shadow: 0 4px 12px rgba(0,0,0,0.08);\r\n      font-weight: 700;\r\n      font-size: 0.875rem;\r\n      display: flex;\r\n      align-items: center;\r\n      gap: 0.5rem;\r\n    }\r\n    .duration i {\r\n      font-size: 0.75rem;\r\n      color: white;\r\n    }\r\n    .card-content {\r\n      padding: 1.75rem 1.5rem;\r\n      flex: 1;\r\n      display: flex;\r\n      flex-direction: column;\r\n    }\r\n    .rating {\r\n      display: flex;\r\n      align-items: center;\r\n      gap: 0.5rem;\r\n      margin-bottom: 0.75rem;\r\n      font-size: 0.875rem;\r\n    }\r\n    .stars {\r\n      color: #fbbf24;\r\n      letter-spacing: 0.1rem;\r\n    }\r\n    .review-count {\r\n      color: var(--light-text);\r\n      font-weight: 500;\r\n    }\r\n    .title {\r\n      font-size: 1.22rem;\r\n      font-weight: 400;\r\n      color: var(--dark-text);\r\n      margin-bottom: 0.5rem;\r\n    }\r\n    .location {\r\n      display: flex;\r\n      align-items: center;\r\n      gap: 0.5rem;\r\n      color: var(--light-text);\r\n      font-size: 0.875rem;\r\n      margin-bottom: 1.25rem;\r\n    }\r\n    .location i {\r\n      font-size: 0.75rem;\r\n    }\r\n    .tags {\r\n      display: flex;\r\n      flex-wrap: wrap;\r\n      gap: 0.5rem;\r\n      margin-bottom: 1.5rem;\r\n    }\r\n    .tag {\r\n      background: #f3f4f6;\r\n      color: var(--dark-text);\r\n      padding: 0.375rem 0.75rem;\r\n      border-radius: 100px;\r\n      font-size: 0.75rem;\r\n      font-weight: 600;\r\n    }\r\n    .buttons {\r\n      margin-top: auto;\r\n      display: flex;\r\n      justify-content: center;\r\n    }\r\n    .btn {\r\n      width: 100%;\r\n      display: flex;\r\n      align-items: center;\r\n      justify-content: center;\r\n      gap: 0.5rem;\r\n      padding: 0.75rem;\r\n      border-radius: 0.5rem;\r\n      font-weight: 600;\r\n      font-size: 0.875rem;\r\n      cursor: pointer;\r\n      transition: all 0.2s ease;\r\n      text-decoration: none;\r\n      position: relative;\r\n      overflow: hidden;\r\n      z-index: 1;\r\n    }\r\n    .btn::before {\r\n      content: '';\r\n      position: absolute;\r\n      top: 0;\r\n      left: 0;\r\n      width: 100%;\r\n      height: 100%;\r\n      background: linear-gradient(45deg, var(--primary-green), #4a7a5a); \/* Changed to green gradient *\/\r\n      z-index: -1;\r\n      transition: all 0.3s ease;\r\n    }\r\n    .btn:hover::before {\r\n      transform: scale(1.05);\r\n    }\r\n    .btn-primary {\r\n      color: white;\r\n      box-shadow: 0 4px 6px rgba(93, 139, 111, 0.1); \/* Updated to match green *\/\r\n    }\r\n    .btn-primary:hover {\r\n      box-shadow: 0 6px 12px rgba(93, 139, 111, 0.2); \/* Updated to match green *\/\r\n      transform: translateY(-2px);\r\n    }\r\n    .btn i {\r\n      transition: transform 0.3s ease;\r\n    }\r\n    .btn:hover i {\r\n      transform: translateX(3px);\r\n    }\r\n  <\/style>\r\n<\/head>\r\n<body>\r\n  <div class=\"card-container\">\r\n    <!-- Imlil Valley Adventure Card -->\r\n    <div class=\"card card-color1\">\r\n      <div class=\"card-header\" style=\"background-image: url('https:\/\/berberatlaswalks.com\/wp-content\/uploads\/2025\/07\/12.png')\">\r\n        <div class=\"badge\">Aventura<\/div>\r\n        <div class=\"duration\"><i class=\"far fa-calendar-alt\"><\/i> 1 dia<\/div>\r\n      <\/div>\r\n      <div class=\"card-content\">\r\n        <div class=\"rating\">\r\n          <span class=\"stars\">\u2605\u2605\u2605\u2605\u2605<\/span>\r\n          <span class=\"review-count\">(98 coment\u00e1rios)<\/span>\r\n        <\/div>\r\n        <h3 class=\"title\">Aventura no Vale de Imlil<\/h3>\r\n        <div class=\"location\">\r\n          <i class=\"fas fa-map-marker-alt\"><\/i>\r\n          <span>Vale de Imlil, Marrocos<\/span>\r\n        <\/div>\r\n        <div class=\"tags\">\r\n          <div class=\"tag\">Caminhadas<\/div>\r\n          <div class=\"tag\">Aldeias berberes<\/div>\r\n          <div class=\"tag\">Natureza<\/div>\r\n        <\/div>\r\n        <div class=\"buttons\">\r\n          <a href=\"https:\/\/berberatlaswalks.com\/imlil-valley-adventure\/\" class=\"btn btn-primary\">\r\n            <i class=\"far fa-calendar-check\"><\/i>\r\n            <span>Reservar esta excurs\u00e3o<\/span>\r\n          <\/a>\r\n        <\/div>\r\n      <\/div>\r\n    <\/div>\r\n\r\n    <!-- Romantic Sunset Dinner in Agafay Desert Card -->\r\n    <div class=\"card card-color2\">\r\n      <div class=\"card-header\" style=\"background-image: url('https:\/\/berberatlaswalks.com\/wp-content\/uploads\/2025\/05\/59.png')\">\r\n        <div class=\"badge\">Rom\u00e2ntico<\/div>\r\n        <div class=\"duration\"><i class=\"far fa-calendar-alt\"><\/i> 1 dia<\/div>\r\n      <\/div>\r\n      <div class=\"card-content\">\r\n        <div class=\"rating\">\r\n          <span class=\"stars\">\u2605\u2605\u2605\u2605\u2605<\/span>\r\n          <span class=\"review-count\">(156 coment\u00e1rios)<\/span>\r\n        <\/div>\r\n        <h3 class=\"title\">Jantar rom\u00e2ntico ao p\u00f4r do sol no deserto de Agafay<\/h3>\r\n        <div class=\"location\">\r\n          <i class=\"fas fa-map-marker-alt\"><\/i>\r\n          <span>Deserto de Agafay, Marrocos<\/span>\r\n        <\/div>\r\n        <div class=\"tags\">\r\n          <div class=\"tag\">P\u00f4r do sol<\/div>\r\n          <div class=\"tag\">Jantar<\/div>\r\n          <div class=\"tag\">Luxo<\/div>\r\n        <\/div>\r\n        <div class=\"buttons\">\r\n          <a href=\"https:\/\/berberatlaswalks.com\/romantic-sunset-dinner-in-agafay-desert\/\" class=\"btn btn-primary\">\r\n            <i class=\"far fa-calendar-check\"><\/i>\r\n            <span>Reservar esta excurs\u00e3o<\/span>\r\n          <\/a>\r\n        <\/div>\r\n      <\/div>\r\n    <\/div>\r\n\r\n    <!-- Agafay Desert Quad Biking Adventure Card -->\r\n    <div class=\"card card-color3\">\r\n      <div class=\"card-header\" style=\"background-image: url('https:\/\/berberatlaswalks.com\/wp-content\/uploads\/2025\/05\/18-2.png')\">\r\n        <div class=\"badge\">Aventura<\/div>\r\n        <div class=\"duration\"><i class=\"far fa-calendar-alt\"><\/i> 1 dia<\/div>\r\n      <\/div>\r\n      <div class=\"card-content\">\r\n        <div class=\"rating\">\r\n          <span class=\"stars\">\u2605\u2605\u2605\u2605\u2605<\/span>\r\n          <span class=\"review-count\">(132 coment\u00e1rios)<\/span>\r\n        <\/div>\r\n        <h3 class=\"title\">Aventura em moto-quatro no deserto de Agafay<\/h3>\r\n        <div class=\"location\">\r\n          <i class=\"fas fa-map-marker-alt\"><\/i>\r\n          <span>Deserto de Agafay, Marrocos<\/span>\r\n        <\/div>\r\n        <div class=\"tags\">\r\n          <div class=\"tag\">Quadriciclo<\/div>\r\n          <div class=\"tag\">Aventura<\/div>\r\n          <div class=\"tag\">Deserto<\/div>\r\n        <\/div>\r\n        <div class=\"buttons\">\r\n          <a href=\"https:\/\/berberatlaswalks.com\/agafay-desert-quad-biking-adventure\/\" class=\"btn btn-primary\">\r\n            <i class=\"far fa-calendar-check\"><\/i>\r\n            <span>Reservar esta excurs\u00e3o<\/span>\r\n          <\/a>\r\n        <\/div>\r\n      <\/div>\r\n    <\/div>\r\n\r\n    <!-- Full Day Agafay Experience Card -->\r\n    <div class=\"card card-color1\">\r\n      <div class=\"card-header\" style=\"background-image: url('https:\/\/berberatlaswalks.com\/wp-content\/uploads\/2025\/05\/15-3.png')\">\r\n        <div class=\"badge\">Pr\u00e9mio<\/div>\r\n        <div class=\"duration\"><i class=\"far fa-calendar-alt\"><\/i> 1 dia<\/div>\r\n      <\/div>\r\n      <div class=\"card-content\">\r\n        <div class=\"rating\">\r\n          <span class=\"stars\">\u2605\u2605\u2605\u2605\u2605<\/span>\r\n          <span class=\"review-count\">(87 coment\u00e1rios)<\/span>\r\n        <\/div>\r\n        <h3 class=\"title\">Experi\u00eancia de dia inteiro em Agafay<\/h3>\r\n        <div class=\"location\">\r\n          <i class=\"fas fa-map-marker-alt\"><\/i>\r\n          <span>Deserto de Agafay, Marrocos<\/span>\r\n        <\/div>\r\n        <div class=\"tags\">\r\n          <div class=\"tag\">Deserto<\/div>\r\n          <div class=\"tag\">Passeio de camelo<\/div>\r\n          <div class=\"tag\">Almo\u00e7o<\/div>\r\n        <\/div>\r\n        <div class=\"buttons\">\r\n          <a href=\"https:\/\/berberatlaswalks.com\/full-day-agafay-experience\/\" class=\"btn btn-primary\">\r\n            <i class=\"far fa-calendar-check\"><\/i>\r\n            <span>Reservar esta excurs\u00e3o<\/span>\r\n          <\/a>\r\n        <\/div>\r\n      <\/div>\r\n    <\/div>\r\n\r\n    <!-- Mount Toubkal Ascent Card -->\r\n    <div class=\"card card-color2\">\r\n      <div class=\"card-header\" style=\"background-image: url('https:\/\/berberatlaswalks.com\/wp-content\/uploads\/2025\/05\/Safari-Marrakech-Imlil-Valley-One-Day-Adventure-from-Marrakech-01-ql5mihts0jab3de2yqiqmkzpgldnfjeofdm4170ya0.webp')\">\r\n        <div class=\"badge\">Desafiador<\/div>\r\n        <div class=\"duration\"><i class=\"far fa-calendar-alt\"><\/i> 2 dias<\/div>\r\n      <\/div>\r\n      <div class=\"card-content\">\r\n        <div class=\"rating\">\r\n          <span class=\"stars\">\u2605\u2605\u2605\u2605\u2605<\/span>\r\n          <span class=\"review-count\">(104 coment\u00e1rios)<\/span>\r\n        <\/div>\r\n        <h3 class=\"title\">Subida do Monte Toubkal<\/h3>\r\n        <div class=\"location\">\r\n          <i class=\"fas fa-map-marker-alt\"><\/i>\r\n          <span>Montanhas do Atlas, Marrocos<\/span>\r\n        <\/div>\r\n        <div class=\"tags\">\r\n          <div class=\"tag\">Caminhadas<\/div>\r\n          <div class=\"tag\">Cimeira<\/div>\r\n          <div class=\"tag\">Aventura<\/div>\r\n        <\/div>\r\n        <div class=\"buttons\">\r\n          <a href=\"https:\/\/berberatlaswalks.com\/mount-toubkal-ascent\/\" class=\"btn btn-primary\">\r\n            <i class=\"far fa-calendar-check\"><\/i>\r\n            <span>Reservar esta excurs\u00e3o<\/span>\r\n          <\/a>\r\n        <\/div>\r\n      <\/div>\r\n    <\/div>\r\n\r\n    <!-- Adventure Trek: Imlil to Azzaden Valley Card -->\r\n    <div class=\"card card-color3\">\r\n      <div class=\"card-header\" style=\"background-image: url('https:\/\/berberatlaswalks.com\/wp-content\/uploads\/2025\/05\/1-2-1.png')\">\r\n        <div class=\"badge\">Trekking<\/div>\r\n        <div class=\"duration\"><i class=\"far fa-calendar-alt\"><\/i> 1 dia<\/div>\r\n      <\/div>\r\n      <div class=\"card-content\">\r\n        <div class=\"rating\">\r\n          <span class=\"stars\">\u2605\u2605\u2605\u2605\u2605<\/span>\r\n          <span class=\"review-count\">(76 coment\u00e1rios)<\/span>\r\n        <\/div>\r\n        <h3 class=\"title\">Caminhada de Aventura: Imlil ao Vale de Azzaden<\/h3>\r\n        <div class=\"location\">\r\n          <i class=\"fas fa-map-marker-alt\"><\/i>\r\n          <span>Imlil, Marrocos<\/span>\r\n        <\/div>\r\n        <div class=\"tags\">\r\n          <div class=\"tag\">Caminhadas<\/div>\r\n          <div class=\"tag\">Vale<\/div>\r\n          <div class=\"tag\">Natureza<\/div>\r\n        <\/div>\r\n        <div class=\"buttons\">\r\n          <a href=\"https:\/\/berberatlaswalks.com\/adventure-trek-imlil-to-azzaden-valley\/\" class=\"btn btn-primary\">\r\n            <i class=\"far fa-calendar-check\"><\/i>\r\n            <span>Reservar esta excurs\u00e3o<\/span>\r\n          <\/a>\r\n        <\/div>\r\n      <\/div>\r\n    <\/div>\r\n  <\/div>\r\n<\/body>\r\n<\/html>\t\t\t\t<\/div>\n\t\t\t\t<\/div>\n\t\t\t\t<\/div>\n\t\t\t\t<\/div>","protected":false},"excerpt":{"rendered":"<p>Luxury Morocco Tour Packages Discover the beauty of Imlil with Berber &#8230; <\/p>","protected":false},"author":1,"featured_media":0,"parent":0,"menu_order":0,"comment_status":"closed","ping_status":"closed","template":"elementor_header_footer","meta":{"_glsr_average":0,"_glsr_ranking":0,"_glsr_reviews":0,"footnotes":""},"class_list":["post-593","page","type-page","status-publish","hentry"],"_links":{"self":[{"href":"https:\/\/berberatlaswalks.com\/pt\/wp-json\/wp\/v2\/pages\/593","targetHints":{"allow":["GET"]}}],"collection":[{"href":"https:\/\/berberatlaswalks.com\/pt\/wp-json\/wp\/v2\/pages"}],"about":[{"href":"https:\/\/berberatlaswalks.com\/pt\/wp-json\/wp\/v2\/types\/page"}],"author":[{"embeddable":true,"href":"https:\/\/berberatlaswalks.com\/pt\/wp-json\/wp\/v2\/users\/1"}],"replies":[{"embeddable":true,"href":"https:\/\/berberatlaswalks.com\/pt\/wp-json\/wp\/v2\/comments?post=593"}],"version-history":[{"count":25,"href":"https:\/\/berberatlaswalks.com\/pt\/wp-json\/wp\/v2\/pages\/593\/revisions"}],"predecessor-version":[{"id":2179,"href":"https:\/\/berberatlaswalks.com\/pt\/wp-json\/wp\/v2\/pages\/593\/revisions\/2179"}],"wp:attachment":[{"href":"https:\/\/berberatlaswalks.com\/pt\/wp-json\/wp\/v2\/media?parent=593"}],"curies":[{"name":"wp","href":"https:\/\/api.w.org\/{rel}","templated":true}]}}