{"id":598,"date":"2025-05-20T13:40:04","date_gmt":"2025-05-20T13:40:04","guid":{"rendered":"https:\/\/berberatlaswalks.com\/?page_id=598"},"modified":"2025-07-12T21:16:45","modified_gmt":"2025-07-12T21:16:45","slug":"day-trips","status":"publish","type":"page","link":"https:\/\/berberatlaswalks.com\/pt\/day-trips\/","title":{"rendered":"Viagens de um dia"},"content":{"rendered":"<div data-elementor-type=\"wp-page\" data-elementor-id=\"598\" class=\"elementor elementor-598\" data-elementor-post-type=\"page\">\n\t\t\t\t<div class=\"elementor-element elementor-element-7e80971 e-flex e-con-boxed e-con e-parent\" data-id=\"7e80971\" data-element_type=\"container\" data-e-type=\"container\" data-settings=\"{&quot;background_background&quot;:&quot;classic&quot;}\">\n\t\t\t\t\t<div class=\"e-con-inner\">\n\t\t\t\t<div class=\"elementor-element elementor-element-06e737d elementor-widget elementor-widget-html\" data-id=\"06e737d\" data-element_type=\"widget\" data-e-type=\"widget\" data-widget_type=\"html.default\">\n\t\t\t\t<div class=\"elementor-widget-container\">\n\t\t\t\t\t<!DOCTYPE html>\r\n<html lang=\"en\">\r\n<head>\r\n  <meta charset=\"UTF-8\" \/>\r\n  <meta name=\"viewport\" content=\"width=device-width, initial-scale=1.0\" \/>\r\n  <title>Premium Morocco Tours<\/title>\r\n  <link rel=\"stylesheet\" href=\"https:\/\/cdnjs.cloudflare.com\/ajax\/libs\/font-awesome\/6.4.0\/css\/all.min.css\">\r\n  <style>\r\n    :root {\r\n      --primary: #2a5a78;\r\n      --secondary: #4a8c7d;\r\n      --accent: #d87020;\r\n      --light: #f8f9fa;\r\n      --dark: #1e2b38;\r\n      --whatsapp: #25D366;\r\n      --star: #FFD700;\r\n      --gradient: linear-gradient(135deg, #2a5a78 0%, #4a8c7d 100%);\r\n    }\r\n    \r\n    .premium-morocco-tours * {\r\n      margin: 0;\r\n      padding: 0;\r\n      box-sizing: border-box;\r\n    }\r\n    \r\n    .premium-morocco-tours {\r\n      font-family: 'Poppins', 'Segoe UI', sans-serif;\r\n      background-color: var(--light);\r\n      color: var(--dark);\r\n      line-height: 1.6;\r\n      display: flex;\r\n      flex-direction: column;\r\n      align-items: center;\r\n      width: 100%;\r\n    }\r\n    \r\n    .premium-morocco-tours .container {\r\n      max-width: 1400px;\r\n      width: 100%;\r\n      margin: 0 auto;\r\n      display: flex;\r\n      flex-direction: column;\r\n      align-items: center;\r\n    }\r\n    \r\n    .premium-morocco-tours .header {\r\n      text-align: center;\r\n      margin-bottom: 60px;\r\n      width: 100%;\r\n      max-width: 800px;\r\n    }\r\n    \r\n    .premium-morocco-tours .header h1 {\r\n      font-weight: 700;\r\n      font-size: 2.8rem;\r\n      margin-bottom: 15px;\r\n      color: var(--dark);\r\n      position: relative;\r\n      display: inline-block;\r\n    }\r\n    \r\n    .premium-morocco-tours .header h1:after {\r\n      content: '';\r\n      position: absolute;\r\n      bottom: -10px;\r\n      left: 50%;\r\n      transform: translateX(-50%);\r\n      width: 80px;\r\n      height: 3px;\r\n      background: var(--accent);\r\n      border-radius: 2px;\r\n    }\r\n    \r\n    .premium-morocco-tours .header p {\r\n      color: #6c757d;\r\n      font-size: 1.1rem;\r\n      max-width: 700px;\r\n      margin: 0 auto;\r\n      font-weight: 300;\r\n    }\r\n    \r\n    .premium-morocco-tours .cards-container {\r\n      display: flex;\r\n      flex-wrap: wrap;\r\n      justify-content: center;\r\n      gap: 30px;\r\n      width: 100%;\r\n    }\r\n    \r\n    .premium-morocco-tours .card {\r\n      width: 360px;\r\n      background: white;\r\n      border-radius: 12px;\r\n      overflow: hidden;\r\n      box-shadow: 0 5px 25px rgba(0, 0, 0, 0.08);\r\n      transition: all 0.3s ease;\r\n      position: relative;\r\n      border: none;\r\n    }\r\n    \r\n    .premium-morocco-tours .card:hover {\r\n      transform: translateY(-10px);\r\n      box-shadow: 0 15px 35px rgba(0, 0, 0, 0.12);\r\n    }\r\n    \r\n    .premium-morocco-tours .card-image {\r\n      height: 250px;\r\n      overflow: hidden;\r\n      position: relative;\r\n    }\r\n    \r\n    .premium-morocco-tours .card-image video {\r\n      width: 100%;\r\n      height: 100%;\r\n      object-fit: cover;\r\n      transition: transform 0.8s ease;\r\n    }\r\n    \r\n    .premium-morocco-tours .card:hover .card-image video {\r\n      transform: scale(1.05);\r\n    }\r\n    \r\n    .premium-morocco-tours .tour-duration-badge {\r\n      position: absolute;\r\n      top: 20px;\r\n      right: 20px;\r\n      background: rgba(0, 0, 0, 0.7);\r\n      color: white;\r\n      padding: 6px 12px;\r\n      border-radius: 4px;\r\n      font-size: 0.9rem;\r\n      font-weight: 500;\r\n      display: flex;\r\n      align-items: center;\r\n      backdrop-filter: blur(5px);\r\n      z-index: 2;\r\n    }\r\n    \r\n    .premium-morocco-tours .tour-duration-badge i {\r\n      margin-right: 6px;\r\n      font-size: 0.9rem;\r\n      color: white;\r\n    }\r\n    \r\n    .premium-morocco-tours .card-content {\r\n      padding: 22px;\r\n      position: relative;\r\n    }\r\n    \r\n    .premium-morocco-tours .tour-title {\r\n      font-weight: 600;\r\n      font-size: 1.5rem;\r\n      margin: 0 0 12px 0;\r\n      color: var(--dark);\r\n    }\r\n    \r\n    .premium-morocco-tours .tour-description {\r\n      color: #6c757d;\r\n      margin-bottom: 20px;\r\n      font-size: 0.95rem;\r\n      line-height: 1.5;\r\n      display: -webkit-box;\r\n      -webkit-line-clamp: 2;\r\n      -webkit-box-orient: vertical;\r\n      overflow: hidden;\r\n    }\r\n    \r\n    .premium-morocco-tours .reviews {\r\n      display: flex;\r\n      align-items: center;\r\n      margin-bottom: 20px;\r\n      flex-wrap: wrap;\r\n      gap: 8px;\r\n    }\r\n    \r\n    .premium-morocco-tours .stars {\r\n      color: var(--star);\r\n      margin-right: 6px;\r\n      font-size: 0.95rem;\r\n      white-space: nowrap;\r\n    }\r\n    \r\n    .premium-morocco-tours .rating {\r\n      font-weight: 600;\r\n      font-size: 0.95rem;\r\n      margin-right: 4px;\r\n      color: var(--dark);\r\n      white-space: nowrap;\r\n    }\r\n    \r\n    .premium-morocco-tours .review-count {\r\n      color: #6c757d;\r\n      font-size: 0.9rem;\r\n      white-space: nowrap;\r\n    }\r\n    \r\n    .premium-morocco-tours .details {\r\n      display: grid;\r\n      grid-template-columns: repeat(2, 1fr);\r\n      gap: 15px;\r\n      margin-bottom: 25px;\r\n    }\r\n    \r\n    .premium-morocco-tours .detail-item {\r\n      display: flex;\r\n      align-items: center;\r\n    }\r\n    \r\n    .premium-morocco-tours .detail-icon {\r\n      width: 36px;\r\n      height: 36px;\r\n      background: rgba(216, 112, 32, 0.1);\r\n      border-radius: 50%;\r\n      display: flex;\r\n      align-items: center;\r\n      justify-content: center;\r\n      margin-right: 10px;\r\n    }\r\n    \r\n    .premium-morocco-tours .detail-icon i {\r\n      color: var(--accent);\r\n      font-size: 1rem;\r\n    }\r\n    \r\n    .premium-morocco-tours .detail-text {\r\n      flex: 1;\r\n    }\r\n    \r\n    .premium-morocco-tours .detail-label {\r\n      font-size: 0.7rem;\r\n      color: #6c757d;\r\n      text-transform: uppercase;\r\n      letter-spacing: 1px;\r\n      margin-bottom: 2px;\r\n      font-weight: 600;\r\n    }\r\n    \r\n    .premium-morocco-tours .detail-value {\r\n      font-size: 0.95rem;\r\n      font-weight: 500;\r\n      color: var(--dark);\r\n    }\r\n    \r\n    .premium-morocco-tours .actions {\r\n      display: flex;\r\n      justify-content: center;\r\n    }\r\n    \r\n    .premium-morocco-tours .action-btn {\r\n      padding: 12px 24px;\r\n      border: none;\r\n      border-radius: 6px;\r\n      font-weight: 600;\r\n      cursor: pointer;\r\n      transition: all 0.2s;\r\n      display: flex;\r\n      align-items: center;\r\n      justify-content: center;\r\n      font-size: 0.95rem;\r\n      text-decoration: none;\r\n      width: 100%;\r\n    }\r\n    \r\n    .premium-morocco-tours .action-btn i {\r\n      margin-right: 8px;\r\n      font-size: 1rem;\r\n    }\r\n    \r\n    .premium-morocco-tours .action-btn.book {\r\n      background: var(--gradient);\r\n      color: white;\r\n    }\r\n    \r\n    .premium-morocco-tours .action-btn:hover {\r\n      transform: translateY(-2px);\r\n      box-shadow: 0 4px 10px rgba(0, 0, 0, 0.1);\r\n    }\r\n    \r\n    \/* Video controls styling *\/\r\n    .premium-morocco-tours .card-image video::-webkit-media-controls {\r\n      display: none !important;\r\n    }\r\n    .premium-morocco-tours .card-image video {\r\n      pointer-events: none;\r\n    }\r\n    \r\n    \/* Responsive adjustments *\/\r\n    @media (max-width: 1200px) {\r\n      .premium-morocco-tours .cards-container {\r\n        gap: 25px;\r\n      }\r\n      \r\n      .premium-morocco-tours .card {\r\n        width: 340px;\r\n      }\r\n    }\r\n    \r\n    @media (max-width: 992px) {\r\n      .premium-morocco-tours .header h1 {\r\n        font-size: 2.5rem;\r\n      }\r\n      \r\n      .premium-morocco-tours .header p {\r\n        font-size: 1rem;\r\n      }\r\n      \r\n      .premium-morocco-tours .card {\r\n        width: 320px;\r\n      }\r\n    }\r\n    \r\n    @media (max-width: 768px) {\r\n      .premium-morocco-tours .container {\r\n        padding: 30px 15px;\r\n      }\r\n      \r\n      .premium-morocco-tours .header {\r\n        margin-bottom: 40px;\r\n      }\r\n      \r\n      .premium-morocco-tours .header h1 {\r\n        font-size: 2.2rem;\r\n      }\r\n      \r\n      .premium-morocco-tours .cards-container {\r\n        gap: 20px;\r\n      }\r\n      \r\n      .premium-morocco-tours .card {\r\n        width: 100%;\r\n        max-width: 380px;\r\n      }\r\n      \r\n      .premium-morocco-tours .reviews {\r\n        flex-direction: row;\r\n        align-items: center;\r\n        gap: 6px;\r\n      }\r\n      \r\n      .premium-morocco-tours .stars {\r\n        margin-right: 4px;\r\n        font-size: 0.9rem;\r\n      }\r\n      \r\n      .premium-morocco-tours .rating {\r\n        font-size: 0.9rem;\r\n        margin-right: 3px;\r\n      }\r\n      \r\n      .premium-morocco-tours .review-count {\r\n        font-size: 0.85rem;\r\n      }\r\n    }\r\n    \r\n    @media (max-width: 480px) {\r\n      .premium-morocco-tours .header h1 {\r\n        font-size: 2rem;\r\n      }\r\n      \r\n      .premium-morocco-tours .header p {\r\n        font-size: 0.95rem;\r\n      }\r\n      \r\n      .premium-morocco-tours .card-content {\r\n        padding: 18px;\r\n      }\r\n      \r\n      .premium-morocco-tours .reviews {\r\n        margin-bottom: 15px;\r\n      }\r\n      \r\n      .premium-morocco-tours .action-btn {\r\n        padding: 10px 20px;\r\n        font-size: 0.9rem;\r\n      }\r\n      \r\n      .premium-morocco-tours .tour-title {\r\n        font-size: 1.4rem;\r\n      }\r\n      \r\n      .premium-morocco-tours .tour-description {\r\n        font-size: 0.9rem;\r\n        margin-bottom: 18px;\r\n      }\r\n      \r\n      .premium-morocco-tours .details {\r\n        gap: 12px;\r\n        margin-bottom: 20px;\r\n      }\r\n    }\r\n  <\/style>\r\n<\/head>\r\n<body>\r\n  <div class=\"premium-morocco-tours\">\r\n    <div class=\"container\">\r\n      <div class=\"header\">\r\n        <h1>Excurs\u00f5es Premium a Marrocos<\/h1>\r\n        <p>Experimente o melhor de Marrocos com a nossa sele\u00e7\u00e3o cuidadosamente selecionada de viagens de um dia excepcionais<\/p>\r\n      <\/div>\r\n      \r\n      <div class=\"cards-container\">\r\n        <!-- Imlil Valley Trek -->\r\n        <div class=\"card\">\r\n          <div class=\"card-image\">\r\n            <video autoplay loop muted playsinline>\r\n              <source src=\"https:\/\/berberatlaswalks.com\/wp-content\/uploads\/2025\/06\/7aee973cdd7fb5c3d459afcacea05a1f.mp4\" type=\"video\/mp4\">\r\n            <\/video>\r\n            <div class=\"tour-duration-badge\"><i class=\"fas fa-clock\"><\/i> Dia inteiro<\/div>\r\n          <\/div>\r\n          <div class=\"card-content\">\r\n            <h3 class=\"tour-title\">Caminhada no Vale de Imlil<\/h3>\r\n            <p class=\"tour-description\">Explore as deslumbrantes Montanhas Atlas com vistas de cortar a respira\u00e7\u00e3o e aut\u00eanticas aldeias berberes nesta aventura de caminhadas guiadas.<\/p>\r\n            \r\n            <div class=\"reviews\">\r\n              <div class=\"stars\">\r\n                <i class=\"fas fa-star\"><\/i>\r\n                <i class=\"fas fa-star\"><\/i>\r\n                <i class=\"fas fa-star\"><\/i>\r\n                <i class=\"fas fa-star\"><\/i>\r\n                <i class=\"fas fa-star-half-alt\"><\/i>\r\n              <\/div>\r\n              <span class=\"rating\">4.7<\/span>\r\n              <span class=\"review-count\">(128 coment\u00e1rios)<\/span>\r\n            <\/div>\r\n            \r\n            <div class=\"details\">\r\n              <div class=\"detail-item\">\r\n                <div class=\"detail-icon\">\r\n                  <i class=\"fas fa-hiking\"><\/i>\r\n                <\/div>\r\n                <div class=\"detail-text\">\r\n                  <div class=\"detail-label\">Atividade<\/div>\r\n                  <div class=\"detail-value\">Caminhada moderada<\/div>\r\n                <\/div>\r\n              <\/div>\r\n              <div class=\"detail-item\">\r\n                <div class=\"detail-icon\">\r\n                  <i class=\"fas fa-mountain\"><\/i>\r\n                <\/div>\r\n                <div class=\"detail-text\">\r\n                  <div class=\"detail-label\">Cen\u00e1rio<\/div>\r\n                  <div class=\"detail-value\">Atlas Peaks<\/div>\r\n                <\/div>\r\n              <\/div>\r\n            <\/div>\r\n            \r\n            <div class=\"actions\">\r\n              <a href=\"https:\/\/berberatlaswalks.com\/imlil-valley-adventure\/\" class=\"action-btn book\">\r\n                <i class=\"fas fa-calendar-alt\"><\/i> Reservar agora\r\n              <\/a>\r\n            <\/div>\r\n          <\/div>\r\n        <\/div>\r\n\r\n        <!-- Ourika Valley Escape -->\r\n        <div class=\"card\">\r\n          <div class=\"card-image\">\r\n            <video autoplay loop muted playsinline>\r\n              <source src=\"https:\/\/berberatlaswalks.com\/wp-content\/uploads\/2025\/06\/20323de9748951b63ddcb0fc91f12cb8.mp4\" type=\"video\/mp4\">\r\n            <\/video>\r\n            <div class=\"tour-duration-badge\"><i class=\"fas fa-clock\"><\/i> Dia inteiro<\/div>\r\n          <\/div>\r\n          <div class=\"card-content\">\r\n            <h3 class=\"tour-title\">Escapadela ao Vale do Ourika<\/h3>\r\n            <p class=\"tour-description\">Descubra o exuberante Vale de Ourika com as suas espectaculares cascatas e a rica cultura berbere nesta viagem panor\u00e2mica de um dia.<\/p>\r\n            \r\n            <div class=\"reviews\">\r\n              <div class=\"stars\">\r\n                <i class=\"fas fa-star\"><\/i>\r\n                <i class=\"fas fa-star\"><\/i>\r\n                <i class=\"fas fa-star\"><\/i>\r\n                <i class=\"fas fa-star\"><\/i>\r\n                <i class=\"fas fa-star\"><\/i>\r\n              <\/div>\r\n              <span class=\"rating\">4.9<\/span>\r\n              <span class=\"review-count\">(94 coment\u00e1rios)<\/span>\r\n            <\/div>\r\n            \r\n            <div class=\"details\">\r\n              <div class=\"detail-item\">\r\n                <div class=\"detail-icon\">\r\n                  <i class=\"fas fa-hiking\"><\/i>\r\n                <\/div>\r\n                <div class=\"detail-text\">\r\n                  <div class=\"detail-label\">Atividade<\/div>\r\n                  <div class=\"detail-value\">Passeio de lazer<\/div>\r\n                <\/div>\r\n              <\/div>\r\n              <div class=\"detail-item\">\r\n                <div class=\"detail-icon\">\r\n                  <i class=\"fas fa-water\"><\/i>\r\n                <\/div>\r\n                <div class=\"detail-text\">\r\n                  <div class=\"detail-label\">Destaques<\/div>\r\n                  <div class=\"detail-value\">Sete cascatas<\/div>\r\n                <\/div>\r\n              <\/div>\r\n            <\/div>\r\n            \r\n            <div class=\"actions\">\r\n              <a href=\"https:\/\/berberatlaswalks.com\/ourika-valley-day-trip\/\" class=\"action-btn book\">\r\n                <i class=\"fas fa-calendar-alt\"><\/i> Reservar agora\r\n              <\/a>\r\n            <\/div>\r\n          <\/div>\r\n        <\/div>\r\n\r\n        <!-- Ouzoud Waterfalls -->\r\n        <div class=\"card\">\r\n          <div class=\"card-image\">\r\n            <video autoplay loop muted playsinline>\r\n              <source src=\"https:\/\/berberatlaswalks.com\/wp-content\/uploads\/2025\/06\/a5f1c7819654b5f73265a71a9272993c.mp4\" type=\"video\/mp4\">\r\n            <\/video>\r\n            <div class=\"tour-duration-badge\"><i class=\"fas fa-clock\"><\/i> Dia inteiro<\/div>\r\n          <\/div>\r\n          <div class=\"card-content\">\r\n            <h3 class=\"tour-title\">Cascatas de Ouzoud<\/h3>\r\n            <p class=\"tour-description\">Experimente as cascatas mais altas de Marrocos com passeios de barco opcionais e nata\u00e7\u00e3o nas piscinas naturais abaixo.<\/p>\r\n            \r\n            <div class=\"reviews\">\r\n              <div class=\"stars\">\r\n                <i class=\"fas fa-star\"><\/i>\r\n                <i class=\"fas fa-star\"><\/i>\r\n                <i class=\"fas fa-star\"><\/i>\r\n                <i class=\"fas fa-star\"><\/i>\r\n                <i class=\"far fa-star\"><\/i>\r\n              <\/div>\r\n              <span class=\"rating\">4.3<\/span>\r\n              <span class=\"review-count\">(87 coment\u00e1rios)<\/span>\r\n            <\/div>\r\n            \r\n            <div class=\"details\">\r\n              <div class=\"detail-item\">\r\n                <div class=\"detail-icon\">\r\n                  <i class=\"fas fa-hiking\"><\/i>\r\n                <\/div>\r\n                <div class=\"detail-text\">\r\n                  <div class=\"detail-label\">Atividade<\/div>\r\n                  <div class=\"detail-value\">Caminhada moderada<\/div>\r\n                <\/div>\r\n              <\/div>\r\n              <div class=\"detail-item\">\r\n                <div class=\"detail-icon\">\r\n                  <i class=\"fas fa-ruler-vertical\"><\/i>\r\n                <\/div>\r\n                <div class=\"detail-text\">\r\n                  <div class=\"detail-label\">Carater\u00edstica<\/div>\r\n                  <div class=\"detail-value\">Cascata de 110m<\/div>\r\n                <\/div>\r\n              <\/div>\r\n            <\/div>\r\n            \r\n            <div class=\"actions\">\r\n              <a href=\"https:\/\/berberatlaswalks.com\/ouzoud-waterfalls-excursion\/\" class=\"action-btn book\">\r\n                <i class=\"fas fa-calendar-alt\"><\/i> Reservar agora\r\n              <\/a>\r\n            <\/div>\r\n          <\/div>\r\n        <\/div>\r\n      <\/div>\r\n    <\/div>\r\n  <\/div>\r\n\r\n  <script>\r\n    \/\/ Ensure videos play automatically on all devices\r\n    document.addEventListener('DOMContentLoaded', function() {\r\n      const videos = document.querySelectorAll('video');\r\n      \r\n      videos.forEach(video => {\r\n        \/\/ Make sure the video is muted (required for autoplay in many browsers)\r\n        video.muted = true;\r\n        \r\n        \/\/ Try to play the video\r\n        const playPromise = video.play();\r\n        \r\n        \/\/ If the play promise fails (due to browser restrictions), \r\n        \/\/ we'll try again when the user interacts with the page\r\n        if (playPromise !== undefined) {\r\n          playPromise.catch(error => {\r\n            \/\/ Add a one-time event listener for any user interaction\r\n            const handleFirstInteraction = () => {\r\n              video.play().catch(e => console.log('Video play failed:', e));\r\n              document.removeEventListener('touchstart', handleFirstInteraction);\r\n              document.removeEventListener('click', handleFirstInteraction);\r\n            };\r\n            \r\n            document.addEventListener('touchstart', handleFirstInteraction, {once: true});\r\n            document.addEventListener('click', handleFirstInteraction, {once: true});\r\n          });\r\n        }\r\n      });\r\n    });\r\n  <\/script>\r\n<\/body>\r\n<\/html>\t\t\t\t<\/div>\n\t\t\t\t<\/div>\n\t\t\t\t\t<\/div>\n\t\t\t\t<\/div>\n\t\t\t\t<\/div>","protected":false},"excerpt":{"rendered":"<p>Premium Morocco Tours Premium Morocco Tours Experience the best of Morocco &#8230; <\/p>","protected":false},"author":1,"featured_media":0,"parent":0,"menu_order":0,"comment_status":"closed","ping_status":"closed","template":"elementor_header_footer","meta":{"_glsr_average":0,"_glsr_ranking":0,"_glsr_reviews":0,"footnotes":""},"class_list":["post-598","page","type-page","status-publish","hentry"],"_links":{"self":[{"href":"https:\/\/berberatlaswalks.com\/pt\/wp-json\/wp\/v2\/pages\/598","targetHints":{"allow":["GET"]}}],"collection":[{"href":"https:\/\/berberatlaswalks.com\/pt\/wp-json\/wp\/v2\/pages"}],"about":[{"href":"https:\/\/berberatlaswalks.com\/pt\/wp-json\/wp\/v2\/types\/page"}],"author":[{"embeddable":true,"href":"https:\/\/berberatlaswalks.com\/pt\/wp-json\/wp\/v2\/users\/1"}],"replies":[{"embeddable":true,"href":"https:\/\/berberatlaswalks.com\/pt\/wp-json\/wp\/v2\/comments?post=598"}],"version-history":[{"count":37,"href":"https:\/\/berberatlaswalks.com\/pt\/wp-json\/wp\/v2\/pages\/598\/revisions"}],"predecessor-version":[{"id":2204,"href":"https:\/\/berberatlaswalks.com\/pt\/wp-json\/wp\/v2\/pages\/598\/revisions\/2204"}],"wp:attachment":[{"href":"https:\/\/berberatlaswalks.com\/pt\/wp-json\/wp\/v2\/media?parent=598"}],"curies":[{"name":"wp","href":"https:\/\/api.w.org\/{rel}","templated":true}]}}